{"id":1262,"date":"2020-04-13T23:06:04","date_gmt":"2020-04-13T16:06:04","guid":{"rendered":"http:\/\/madcowphuquoc.com\/about\/"},"modified":"2026-03-27T16:15:17","modified_gmt":"2026-03-27T09:15:17","slug":"about","status":"publish","type":"page","link":"https:\/\/madcowphuquoc.com\/vi\/about\/","title":{"rendered":"About"},"content":{"rendered":"\n    <section class=\"mainVisual\">\n        <div class=\"slider_wrapper\" id=\"mainVisual_slider\">\n            <div class=\"swiper-wrapper\">\n                                    <div class=\"swiper-slide\">\n                        <figure>\n                            <img decoding=\"async\" src=\"https:\/\/madcowphuquoc.com\/wp-content\/uploads\/2020\/06\/Image-hero-1.jpg\" alt=\"Mad Cow steak\">\n                        <\/figure>\n                        <div class=\"mainVisual_items\">\n                                                            <h2 class=\"mainVisual_items_sub\">Gi\u1edbi thi\u1ec7u<\/h2>\n                                                                                        <h1 class=\"mainVisual_items_ttl\">MAD COW PH\u00da QU\u1ed0C<\/h1>\n                                                                                <\/div>\n                    <\/div>\n                            <\/div>\n            <div class=\"c-dots mainVisual-pagination\"><\/div>\n        <\/div>\n    <\/section>\n\n\n\n<main class=\"aboutPage\">\n    <section class=\"about_detail\">\n        <div class=\"container-fluid\">\n            <div class=\"detail_item\">\n                <div class=\"detail_item_txt\">\n                    <div class=\"c_ttl\">\n                        <p class=\"tll_sub wow fadeInUp\">\u0110\u00f4i n\u00e9t<\/p>\n                        <h2 class=\"tll_txt wow fadeInUp\">\u0110\u1ebeN MAD COW PH\u00da QU\u1ed0C H\u00d4M NAY \u0110\u1ec2 KH\u00d4NG PH\u1ea2I B\u1ece L\u1ee0 MI\u1ebeNG TH\u1ecaT N\u01af\u1edaNG N\u00c0O!<\/h2>\n                    <\/div>\n                    <div class=\"cont_txt wow fadeInUp\">\n                        <p>Nh\u00e0 h\u00e0ng b\u00edt t\u1ebft t\u1ea1i Ph\u00fa Qu\u1ed1c \u0111\u1ec3 g\u1eb7p g\u1ee1, giao l\u01b0u v\u00e0 \u0111\u1eafm ch\u00ecm trong th\u1ef1c \u0111\u01a1n \u0111a d\u1ea1ng. B\u1ea1n s\u1ebd kh\u00f4ng th\u1ec3 kh\u00f4ng khao kh\u00e1t mi\u1ebfng th\u1ecbt n\u01b0\u1edbng ngon-h\u1ebft-n\u1ea5c trong kh\u00f4ng gian ph\u00f3ng \u0111\u00e3ng v\u00e0 dung d\u1ecb. Ngo\u00e0i ra, ch\u00fang t\u00f4i c\u00f2n ph\u1ee5c v\u1ee5 rau tr\u1ed9n khai v\u1ecb, m\u00f3n \u0103n nh\u1eb9 \u01b0a th\u00edch, &#8220;kh\u1ea9u ph\u1ea7n \u0103n l\u1edbn&#8221; v\u00e0 tr\u00e1ng mi\u1ec7ng \u0111\u1ea7y c\u00e1m d\u1ed7 \u0111\u1ec3 ai c\u0169ng mu\u1ed1n quay tr\u1edf l\u1ea1i.<\/p>\n                    <\/div>\n                    <ul class=\"food_lst\">\n                                                    <li class=\"wow fadeIn\">\n                                <figure class=\"icon_food\">\n                                    <img decoding=\"async\" src=\"https:\/\/madcowphuquoc.com\/wp-content\/uploads\/2020\/04\/icon-cow.svg\" alt=\"icon cow\">\n                                <\/figure>\n                                <div class=\"food_txt\">\n                                    <p>Th\u1ecbt n\u01b0\u1edbng ngon-h\u1ebft-n\u1ea5c &#038; h\u1ea3i s\u1ea3n t\u01b0\u01a1i s\u1ed1ng h\u00e0ng ng\u00e0y <\/p>\n                                <\/div>\n                            <\/li>\n                                                    <li class=\"wow fadeIn\">\n                                <figure class=\"icon_food\">\n                                    <img decoding=\"async\" src=\"https:\/\/madcowphuquoc.com\/wp-content\/uploads\/2020\/04\/icon-seafood.svg\" alt=\"icon seafood\">\n                                <\/figure>\n                                <div class=\"food_txt\">\n                                    <p>Tapas ngon-b\u00e1-ch\u1ea5y c\u00f9ng v\u1edbi cocktail c\u00f3-m\u1ed9t-kh\u00f4ng-hai<\/p>\n                                <\/div>\n                            <\/li>\n                                                    <li class=\"wow fadeIn\">\n                                <figure class=\"icon_food\">\n                                    <img decoding=\"async\" src=\"https:\/\/madcowphuquoc.com\/wp-content\/uploads\/2020\/04\/icon-cocktail.svg\" alt=\"icon cocktail\">\n                                <\/figure>\n                                <div class=\"food_txt\">\n                                    <p>B\u1ed9 s\u01b0u t\u1eadp r\u01b0\u1ee3u vang ch\u1ecdn l\u1ecdc gi\u00e1 &#8220;m\u1ec1m&#8221;<\/p>\n                                <\/div>\n                            <\/li>\n                                                    <li class=\"wow fadeIn\">\n                                <figure class=\"icon_food\">\n                                    <img decoding=\"async\" src=\"https:\/\/madcowphuquoc.com\/wp-content\/uploads\/2020\/04\/icon-like.svg\" alt=\"icon like\">\n                                <\/figure>\n                                <div class=\"food_txt\">\n                                    <p>Kh\u00f4ng gian t\u00e1o b\u1ea1o nh\u00ecn ra ho\u00e0ng h\u00f4n \u0111\u1eb9p-t\u1eaft-th\u1edf t\u1eeb t\u1ea7ng th\u01b0\u1ee3ng<\/p>\n                                <\/div>\n                            <\/li>\n                                            <\/ul>\n                <\/div>\n                <figure class=\"detail_item_img wow fadeIn\">\n                    <img decoding=\"async\" src=\"https:\/\/madcowphuquoc.com\/wp-content\/uploads\/2020\/05\/about_img.jpg\" alt=\"Phu Quoc best steak restaurant\">\n                <\/figure>\n            <\/div> <!-- detail_item -->\n        <\/div>\n    <\/section> <!-- detail -->\n    <section class=\"aboutSection\">\n        <div class=\"container-fluid\">\n            <ul class=\"about_lst\">\n                                    <li>\n                        <div class=\"about_txt\">\n                            <div class=\"c_ttl\">\n                                <p class=\"tll_sub wow fadeInUp\">V\u1ec1 ch\u00fang t\u00f4i<\/p>\n                                <h2 class=\"tll_txt wow fadeInUp\">MADDIE &#038; \u0110\u1ed2NG B\u1eccN<\/h2>\n                            <\/div>\n                            <div class=\"cont_txt wow fadeInUp\">\n                                <p>Tr\u1ebb trung v\u00e0 tinh ngh\u1ecbch, Maddie &amp; \u0111\u1ed3ng b\u1ecdn lu\u00f4n h\u00e0o h\u1ee9ng khi \u0111\u01b0\u1ee3c g\u1eb7p g\u1ee1 v\u00e0 l\u00e0m quen v\u1edbi nh\u1eefng v\u1ecb kh\u00e1ch gh\u00e9 th\u0103m v\u00e0 c\u00f9ng nhau mang \u0111\u1ebfn tr\u1ea3i nghi\u1ec7m th\u1eadt \u0111i\u00ean r\u1ed3. Cu\u1ed9c \u0111\u1eddi qu\u00e1 ng\u1eafn \u0111\u1ec3 b\u1ecf l\u1ee1 nh\u1eefng mi\u1ebfng th\u1ecbt n\u01b0\u1edbng v\u00e0 r\u01b0\u1ee3u vang h\u1ea3o h\u1ea1ng. C\u00f9ng v\u1edbi nhau, h\u1ecd l\u00e0 nh\u1eefng ng\u01b0\u1eddi ti\u1ebfp \u0111\u00e3i hi\u1ebfu kh\u00e1ch cho m\u1ed9t b\u1eefa t\u1ed1i tr\u1ecdn v\u1eb9n.<\/p>\n                            <\/div>\n                        <\/div>\n                        <figure class=\"about_img wow fadeInUp\">\n                            <img decoding=\"async\" src=\"https:\/\/madcowphuquoc.com\/wp-content\/uploads\/2022\/01\/de824be7f6993ec76788-e1643111431363.jpg\" alt=\"de824be7f6993ec76788\">\n                        <\/figure>\n                    <\/li>\n                                    <li>\n                        <div class=\"about_txt\">\n                            <div class=\"c_ttl\">\n                                <p class=\"tll_sub wow fadeInUp\">N\u1ed5i b\u1eadt<\/p>\n                                <h2 class=\"tll_txt wow fadeInUp\">KH\u00d4NG GIAN CH\u1ea4T-NH\u01af-N\u01af\u1edaC-C\u1ea4T<\/h2>\n                            <\/div>\n                            <div class=\"cont_txt wow fadeInUp\">\n                                <p>To\u1ea1 l\u1ea1c tr\u00ean t\u1ea7ng th\u01b0\u1ee3ng c\u1ee7a Khu Ngh\u1ec9 D\u01b0\u1ee1ng Pullman Ph\u00fa Qu\u1ed1c v\u1edbi t\u1ea7m nh\u00ecn to\u00e0n c\u1ea3nh h\u01b0\u1edbng ra V\u1ecbnh Th\u00e1i Lan. Kh\u00f4ng gian t\u00e1o b\u1ea1o t\u1ea1i \u0111\u00e2y ch\u00ednh l\u00e0 gia v\u1ecb thi\u1ebft y\u1ebfu cho nh\u1eefng mi\u1ebfng th\u1ecbt n\u01b0\u1edbng th\u01b0\u1ee3ng h\u1ea1ng \u0111\u01b0\u1ee3c n\u01b0\u1edbng t\u00e1i v\u1eeba.<\/p>\n                            <\/div>\n                        <\/div>\n                        <figure class=\"about_img wow fadeInUp\">\n                            <img decoding=\"async\" src=\"https:\/\/madcowphuquoc.com\/wp-content\/uploads\/2023\/03\/791FE1CB-62A2-4F6E-8E3D-46F17F80B8CE.jpg\" alt=\"791FE1CB 62A2 4F6E 8E3D 46F17F80B8CE\">\n                        <\/figure>\n                    <\/li>\n                            <\/ul>\n        <\/div>\n    <\/section> <!-- about -->\n<\/main>\n","protected":false},"excerpt":{"rendered":"","protected":false},"author":1,"featured_media":0,"parent":0,"menu_order":29,"comment_status":"closed","ping_status":"closed","template":"pages-templates\/block-template.php","meta":{"_acf_changed":false,"inline_featured_image":false,"footnotes":""},"class_list":["post-1262","page","type-page","status-publish","hentry"],"acf":[],"yoast_head":"<!-- This site is optimized with the Yoast SEO plugin v27.4 - https:\/\/yoast.com\/product\/yoast-seo-wordpress\/ -->\n<title>About - Mad Cow Wine &amp; Grill Phu Quoc<\/title>\n<meta name=\"description\" content=\"Phu Quoc\u2019s best steakhouse inspires its guests to mix, mingle and tuck into succulent, freshly prepared grills. This restaurant is mad about damn-good meats and wines, all in a hip and casual environment.\" \/>\n<meta name=\"robots\" content=\"index, follow, max-snippet:-1, max-image-preview:large, max-video-preview:-1\" \/>\n<link rel=\"canonical\" href=\"https:\/\/madcowphuquoc.com\/vi\/about\/\" \/>\n<meta property=\"og:locale\" content=\"vi_VN\" \/>\n<meta property=\"og:type\" content=\"article\" \/>\n<meta property=\"og:title\" content=\"About - Mad Cow Wine &amp; Grill Phu Quoc\" \/>\n<meta property=\"og:description\" content=\"Phu Quoc\u2019s best steakhouse inspires its guests to mix, mingle and tuck into succulent, freshly prepared grills. This restaurant is mad about damn-good meats and wines, all in a hip and casual environment.\" \/>\n<meta property=\"og:url\" content=\"https:\/\/madcowphuquoc.com\/vi\/about\/\" \/>\n<meta property=\"og:site_name\" content=\"Mad Cow Wine &amp; Grill Phu Quoc\" \/>\n<meta property=\"article:modified_time\" content=\"2026-03-27T09:15:17+00:00\" \/>\n<meta name=\"twitter:card\" content=\"summary_large_image\" \/>\n<script type=\"application\/ld+json\" class=\"yoast-schema-graph\">{\"@context\":\"https:\\\/\\\/schema.org\",\"@graph\":[{\"@type\":\"WebPage\",\"@id\":\"https:\\\/\\\/madcowphuquoc.com\\\/vi\\\/about\\\/\",\"url\":\"https:\\\/\\\/madcowphuquoc.com\\\/vi\\\/about\\\/\",\"name\":\"About - Mad Cow Wine &amp; Grill Phu Quoc\",\"isPartOf\":{\"@id\":\"https:\\\/\\\/madcowphuquoc.com\\\/vi\\\/#website\"},\"datePublished\":\"2020-04-13T16:06:04+00:00\",\"dateModified\":\"2026-03-27T09:15:17+00:00\",\"description\":\"Phu Quoc\u2019s best steakhouse inspires its guests to mix, mingle and tuck into succulent, freshly prepared grills. This restaurant is mad about damn-good meats and wines, all in a hip and casual environment.\",\"breadcrumb\":{\"@id\":\"https:\\\/\\\/madcowphuquoc.com\\\/vi\\\/about\\\/#breadcrumb\"},\"inLanguage\":\"vi-VN\",\"potentialAction\":[{\"@type\":\"ReadAction\",\"target\":[\"https:\\\/\\\/madcowphuquoc.com\\\/vi\\\/about\\\/\"]}]},{\"@type\":\"BreadcrumbList\",\"@id\":\"https:\\\/\\\/madcowphuquoc.com\\\/vi\\\/about\\\/#breadcrumb\",\"itemListElement\":[{\"@type\":\"ListItem\",\"position\":1,\"name\":\"Home\",\"item\":\"https:\\\/\\\/madcowphuquoc.com\\\/vi\\\/\"},{\"@type\":\"ListItem\",\"position\":2,\"name\":\"About\"}]},{\"@type\":\"WebSite\",\"@id\":\"https:\\\/\\\/madcowphuquoc.com\\\/vi\\\/#website\",\"url\":\"https:\\\/\\\/madcowphuquoc.com\\\/vi\\\/\",\"name\":\"Mad Cow Wine &amp; Grill Phu Quoc\",\"description\":\"\",\"potentialAction\":[{\"@type\":\"SearchAction\",\"target\":{\"@type\":\"EntryPoint\",\"urlTemplate\":\"https:\\\/\\\/madcowphuquoc.com\\\/vi\\\/?s={search_term_string}\"},\"query-input\":{\"@type\":\"PropertyValueSpecification\",\"valueRequired\":true,\"valueName\":\"search_term_string\"}}],\"inLanguage\":\"vi-VN\"}]}<\/script>\n<!-- \/ Yoast SEO plugin. -->","yoast_head_json":{"title":"About - Mad Cow Wine &amp; Grill Phu Quoc","description":"Phu Quoc\u2019s best steakhouse inspires its guests to mix, mingle and tuck into succulent, freshly prepared grills. This restaurant is mad about damn-good meats and wines, all in a hip and casual environment.","robots":{"index":"index","follow":"follow","max-snippet":"max-snippet:-1","max-image-preview":"max-image-preview:large","max-video-preview":"max-video-preview:-1"},"canonical":"https:\/\/madcowphuquoc.com\/vi\/about\/","og_locale":"vi_VN","og_type":"article","og_title":"About - Mad Cow Wine &amp; Grill Phu Quoc","og_description":"Phu Quoc\u2019s best steakhouse inspires its guests to mix, mingle and tuck into succulent, freshly prepared grills. This restaurant is mad about damn-good meats and wines, all in a hip and casual environment.","og_url":"https:\/\/madcowphuquoc.com\/vi\/about\/","og_site_name":"Mad Cow Wine &amp; Grill Phu Quoc","article_modified_time":"2026-03-27T09:15:17+00:00","twitter_card":"summary_large_image","schema":{"@context":"https:\/\/schema.org","@graph":[{"@type":"WebPage","@id":"https:\/\/madcowphuquoc.com\/vi\/about\/","url":"https:\/\/madcowphuquoc.com\/vi\/about\/","name":"About - Mad Cow Wine &amp; Grill Phu Quoc","isPartOf":{"@id":"https:\/\/madcowphuquoc.com\/vi\/#website"},"datePublished":"2020-04-13T16:06:04+00:00","dateModified":"2026-03-27T09:15:17+00:00","description":"Phu Quoc\u2019s best steakhouse inspires its guests to mix, mingle and tuck into succulent, freshly prepared grills. This restaurant is mad about damn-good meats and wines, all in a hip and casual environment.","breadcrumb":{"@id":"https:\/\/madcowphuquoc.com\/vi\/about\/#breadcrumb"},"inLanguage":"vi-VN","potentialAction":[{"@type":"ReadAction","target":["https:\/\/madcowphuquoc.com\/vi\/about\/"]}]},{"@type":"BreadcrumbList","@id":"https:\/\/madcowphuquoc.com\/vi\/about\/#breadcrumb","itemListElement":[{"@type":"ListItem","position":1,"name":"Home","item":"https:\/\/madcowphuquoc.com\/vi\/"},{"@type":"ListItem","position":2,"name":"About"}]},{"@type":"WebSite","@id":"https:\/\/madcowphuquoc.com\/vi\/#website","url":"https:\/\/madcowphuquoc.com\/vi\/","name":"Mad Cow Wine &amp; Grill Phu Quoc","description":"","potentialAction":[{"@type":"SearchAction","target":{"@type":"EntryPoint","urlTemplate":"https:\/\/madcowphuquoc.com\/vi\/?s={search_term_string}"},"query-input":{"@type":"PropertyValueSpecification","valueRequired":true,"valueName":"search_term_string"}}],"inLanguage":"vi-VN"}]}},"jetpack_sharing_enabled":true,"_links":{"self":[{"href":"https:\/\/madcowphuquoc.com\/vi\/wp-json\/wp\/v2\/pages\/1262","targetHints":{"allow":["GET"]}}],"collection":[{"href":"https:\/\/madcowphuquoc.com\/vi\/wp-json\/wp\/v2\/pages"}],"about":[{"href":"https:\/\/madcowphuquoc.com\/vi\/wp-json\/wp\/v2\/types\/page"}],"author":[{"embeddable":true,"href":"https:\/\/madcowphuquoc.com\/vi\/wp-json\/wp\/v2\/users\/1"}],"replies":[{"embeddable":true,"href":"https:\/\/madcowphuquoc.com\/vi\/wp-json\/wp\/v2\/comments?post=1262"}],"version-history":[{"count":14,"href":"https:\/\/madcowphuquoc.com\/vi\/wp-json\/wp\/v2\/pages\/1262\/revisions"}],"predecessor-version":[{"id":2500,"href":"https:\/\/madcowphuquoc.com\/vi\/wp-json\/wp\/v2\/pages\/1262\/revisions\/2500"}],"wp:attachment":[{"href":"https:\/\/madcowphuquoc.com\/vi\/wp-json\/wp\/v2\/media?parent=1262"}],"curies":[{"name":"wp","href":"https:\/\/api.w.org\/{rel}","templated":true}]}}