{"id":1272,"date":"2019-04-02T10:10:02","date_gmt":"2019-04-02T10:10:02","guid":{"rendered":"http:\/\/madcowphuquoc.com\/home\/"},"modified":"2026-03-27T16:20:46","modified_gmt":"2026-03-27T09:20:46","slug":"home","status":"publish","type":"page","link":"https:\/\/madcowphuquoc.com\/vi\/","title":{"rendered":"Homepage"},"content":{"rendered":"\n    <section class=\"mainVisual\">\n        <div class=\"slider_wrapper\" id=\"mainVisual_slider\">\n            <div class=\"swiper-wrapper\">\n                                    <div class=\"swiper-slide\">\n                        <figure>\n                            <img decoding=\"async\" src=\"https:\/\/madcowphuquoc.com\/wp-content\/uploads\/2021\/02\/madcow-hero-slide.jpg\" alt=\"Mad Cow Wine &#038; Grill restaurant\">\n                        <\/figure>\n                        <div class=\"mainVisual_items\">\n                                                            <h2 class=\"mainVisual_items_sub\">Th\u1ecbt n\u01b0\u1edbng &#038; R\u01b0\u1ee3u vang<\/h2>\n                                                                                        <h1 class=\"mainVisual_items_ttl\">K\u00cdCH TH\u00cdCH V\u1eca GI\u00c1C C\u1ee6A B\u1ea0N<\/h1>\n                                                                                <\/div>\n                    <\/div>\n                                    <div class=\"swiper-slide\">\n                        <figure>\n                            <img decoding=\"async\" src=\"https:\/\/madcowphuquoc.com\/wp-content\/uploads\/2021\/02\/madcow-hero-slide-2.jpg\" alt=\"Mad Cow Wine &#038; Grill restaurant\">\n                        <\/figure>\n                        <div class=\"mainVisual_items\">\n                                                            <h4 class=\"mainVisual_items_sub\">Th\u1ecbt n\u01b0\u1edbng &#038; R\u01b0\u1ee3u vang<\/h4>\n                                                                                        <h3 class=\"mainVisual_items_ttl\">K\u00cdCH TH\u00cdCH V\u1eca GI\u00c1C C\u1ee6A B\u1ea0N<\/h3>\n                                                                                <\/div>\n                    <\/div>\n                                    <div class=\"swiper-slide\">\n                        <figure>\n                            <img decoding=\"async\" src=\"https:\/\/madcowphuquoc.com\/wp-content\/uploads\/2021\/02\/madcow-hero-slide-3.jpg\" alt=\"Mad Cow Wine &#038; Grill restaurant\">\n                        <\/figure>\n                        <div class=\"mainVisual_items\">\n                                                            <h4 class=\"mainVisual_items_sub\">Th\u1ecbt n\u01b0\u1edbng &#038; R\u01b0\u1ee3u vang<\/h4>\n                                                                                        <h3 class=\"mainVisual_items_ttl\">K\u00cdCH TH\u00cdCH V\u1eca GI\u00c1C C\u1ee6A B\u1ea0N<\/h3>\n                                                                                <\/div>\n                    <\/div>\n                            <\/div>\n            <div class=\"c-dots mainVisual-pagination\"><\/div>\n        <\/div>\n    <\/section>\n\n\n<section class=\"about\">\n\n    <div class=\"container-fluid\">\n\n        <div class=\"about_main\">\n\n            <div class=\"c_ttl\">\n\n                <p class=\"tll_sub wow fadeInUp\">V\u1ec1 ch\u00fang t\u00f4i <\/p>\n\n                <h2 class=\"tll_txt wow fadeInUp\">K\u00cdCH TH\u00cdCH V\u1eca GI\u00c1C C\u1ee6A B\u1ea0N<\/h2>\n\n            <\/div>\n\n            <div class=\"cont_txt wow fadeInUp\">\n\n                <p>Mad Cow Ph\u00fa Qu\u1ed1c &#8211; Nh\u00e0 h\u00e0ng b\u00edt t\u1ebft tr\u1ee9 danh tr\u00ean \u0110\u1ea3o Ng\u1ecdc ph\u1ee5c v\u1ee5 b\u00f2 n\u01b0\u1edbng c\u0103ng m\u1ecdng k\u00e8m v\u1edbi r\u01b0\u1ee3u vang th\u01a1m n\u1ed3ng trong kh\u00f4ng gian ph\u00f3ng \u0111\u00e3ng v\u00e0 dung d\u1ecb.<\/p>\n\n            <\/div>\n\n            \n            \n                <div class=\"c_btn_more wow fadeInUp\">\n\n                    <a href=\"\/vi\/about\/\">&#8220;\u0110U \u0110\u01afA&#8221; C\u00d9NG CH\u00daNG T\u00d4I<\/a>\n\n                    <span><\/span>\n\n                <\/div>\n\n            \n        <\/div>\n\n    <\/div>\n\n<\/section>\n\n\n\n\n<section class=\"detail\">\n\n    \n        <div class=\"detail_item\">\n\n            \n                <div class=\"item_svg\">\n\n                    <svg>\n\n                        <path fill=\"none\" stroke=\"#EFEBDC\" stroke-width=\"6\" class=\"triangle\" d=\"M24.5 3C-44.5001 105.5 61.4424 254.253 323 165.5C768 14.5 899.5 155 955 231\"\/>\n\n                    <\/svg>\n\n                <\/div>\n\n            \n            <figure class=\"detail_item_img wow fadeIn\">\n\n                <img decoding=\"async\" src=\"https:\/\/madcowphuquoc.com\/wp-content\/uploads\/2021\/02\/Image-food-highlight.png\" alt=\"Mad Cow Wine &#038; Grill restaurant\">\n\n            <\/figure>\n\n            <div class=\"detail_item_txt\">\n\n                <div class=\"c_ttl\">\n\n                    <p class=\"tll_sub wow fadeInUp\">N\u1ed5i b\u1eadt<\/p>\n\n                    <h2 class=\"tll_txt wow fadeInUp\">SAY M\u00ca MI\u1ebeNG B\u00d2 N\u01af\u1edaNG<\/h2>\n\n                <\/div>\n\n                <div class=\"cont_txt wow fadeInUp\">\n\n                    <p>Say \u0111\u1eafm v\u1edbi nh\u1eefng mi\u1ebfng b\u00f2 n\u01b0\u1edbng ngon-h\u1ebft-n\u1ea5c, rau tr\u1ed9n, m\u00f3n \u0103n nh\u1eb9, nh\u1eefng &#8220;kh\u1ea9u ph\u1ea7n l\u1edbn&#8221; v\u00e0 tr\u00e1ng mi\u1ec7ng \u0111\u1ea7y c\u00e1m d\u1ed7. Tr\u1ea3i nghi\u1ec7m t\u1ea5t c\u1ea3 trong kh\u00f4ng gian ph\u00f3ng \u0111\u00e3ng v\u00e0 dung d\u1ecb l\u00e0 t\u1ea5t c\u1ea3 nh\u1eefng g\u00ec b\u1ea1n c\u1ea7n cho m\u1ed9t bu\u1ed5i t\u1ed1i tr\u1ecdn v\u1eb9n.<\/p>\n\n                <\/div>\n\n                \n                    <div class=\"c_btn_more wow fadeInUp\">\n\n                        <a href=\"menu\/food\/\">CHI TI\u1ebeT<\/a>\n\n                        <span><\/span>\n\n                    <\/div>\n\n                \n            <\/div>\n\n        <\/div>\n\n        \n    \n        <div class=\"detail_item\">\n\n            \n                <div class=\"item_svg\">\n\n                    <svg>\n\n                        <path fill=\"none\" stroke=\"#EFEBDC\" stroke-width=\"6\" class=\"triangle\" d=\"M762.5,3 C684.5,145.5 502.148,116.198 331.5,79 C148,39 51.6667,131.167 3.5,175.5\"\/>\n\n                    <\/svg>\n\n                <\/div>\n\n            \n            <figure class=\"detail_item_img wow fadeIn\">\n\n                <img decoding=\"async\" src=\"https:\/\/madcowphuquoc.com\/wp-content\/uploads\/2020\/06\/Image-Seafood.png\" alt=\"Mad Cow grill seafood\">\n\n            <\/figure>\n\n            <div class=\"detail_item_txt\">\n\n                <div class=\"c_ttl\">\n\n                    <p class=\"tll_sub wow fadeInUp\">N\u1ed5i b\u1eadt<\/p>\n\n                    <h2 class=\"tll_txt wow fadeInUp\">\u0110AM M\u00ca BI\u1ebeN T\u1ea4U C\u00c1C M\u00d3N \u0110\u01af\u1ee2C \u01afA TH\u00cdCH<\/h2>\n\n                <\/div>\n\n                <div class=\"cont_txt wow fadeInUp\">\n\n                    <p>Nh\u1eefng \u0111\u1ea7u b\u1ebfp c\u1ee7a ch\u00fang t\u00f4i c\u00f2n mang t\u1edbi nh\u1eefng bi\u1ebfn t\u1ea5u t\u00e1o b\u1ea1o t\u1eeb c\u00e1c m\u00f3n \u0111\u01b0\u1ee3c \u01b0a th\u00edch b\u1eb1ng c\u00e1c gia v\u1ecb b\u1ea3n \u0111\u1ecba. \u0110\u1eebng b\u1ecf l\u1ee1 b\u00f2 t\u00e1i ti\u00eau Ph\u00fa Qu\u1ed1c, c\u00e1 h\u1ed3i \u00e1p ch\u1ea3o, m\u1ef3 \u00fd h\u1ea3i s\u1ea3n Ph\u00fa Qu\u1ed1c v\u00e0 h\u01a1n th\u1ebf t\u1eeb th\u1ef1c \u0111\u01a1n c\u1ee7a Maddie.<\/p>\n\n                <\/div>\n\n                \n                    <div class=\"c_btn_more wow fadeInUp\">\n\n                        <a href=\"menu\/food\/\">CHI TI\u1ebeT<\/a>\n\n                        <span><\/span>\n\n                    <\/div>\n\n                \n            <\/div>\n\n        <\/div>\n\n        \n    \n        <div class=\"detail_item\">\n\n            \n                <div class=\"item_svg\">\n\n                    <svg>\n\n                        <path fill=\"none\" stroke=\"#EFEBDC\" stroke-width=\"6\" class=\"triangle\" d=\"M24.5 3C-44.5001 105.5 61.4424 254.253 323 165.5C768 14.5 899.5 155 955 231\"\/>\n\n                    <\/svg>\n\n                <\/div>\n\n            \n            <figure class=\"detail_item_img wow fadeIn\">\n\n                <img decoding=\"async\" src=\"https:\/\/madcowphuquoc.com\/wp-content\/uploads\/2020\/06\/Wine.png\" alt=\"Wine\">\n\n            <\/figure>\n\n            <div class=\"detail_item_txt\">\n\n                <div class=\"c_ttl\">\n\n                    <p class=\"tll_sub wow fadeInUp\">N\u1ed5i b\u1eadt<\/p>\n\n                    <h2 class=\"tll_txt wow fadeInUp\">CH\u00daNG T\u00d4I L\u1ef0A CH\u1eccN NH\u1eeeNG TH\u01af\u01a0NG HI\u1ec6U R\u01af\u1ee2U VANG T\u1ed0T NH\u1ea4T TR\u00caN TH\u1ebe GI\u1edaI<\/h2>\n\n                <\/div>\n\n                <div class=\"cont_txt wow fadeInUp\">\n\n                    <p>B\u1ed9 s\u01b0u t\u1eadp r\u01b0\u1ee3u vang \u0111\u1ed9c \u0111\u00e1o nh\u1ea5t \u0111\u1ea3o Ng\u1ecdc \u0111\u01b0\u1ee3c ch\u1ecdn l\u1ef1a k\u1ef9 c\u00e0ng t\u1eeb nh\u1eefng th\u01b0\u01a1ng hi\u1ec7u \u01b0a th\u00edch tr\u00ean to\u00e0n th\u1ebf gi\u1edbi. H\u01a1n ba m\u01b0\u01a1i nh\u00e3n r\u01b0\u1ee3u cao c\u1ea5p v\u1edbi gi\u00e1 &#8220;m\u1ec1m&#8221; nh\u01b0 khi mua t\u1ea1i c\u1eeda h\u00e0ng.<\/p>\n\n                <\/div>\n\n                \n                    <div class=\"c_btn_more wow fadeInUp\">\n\n                        <a href=\"menu\/wine\/\">CHI TI\u1ebeT<\/a>\n\n                        <span><\/span>\n\n                    <\/div>\n\n                \n            <\/div>\n\n        <\/div>\n\n        \n    \n<\/section>\n\n\n\n\n\n<section class=\"section_media\">\n    <div class=\"container-fluid\">\n        <div class=\"c_ttl c_ttl_center\">\n            <p class=\"tll_sub wow fadeInUp\">#MadCowPhuQuoc<\/p>\n            <h2 class=\"tll_txt wow fadeInUp\">Social Media<\/h2>\n        <\/div>\n        \n<div id=\"sb_instagram\"  class=\"sbi sbi_mob_col_1 sbi_tab_col_2 sbi_col_4\" style=\"padding-bottom: 10px; width: 100%;\"\t data-feedid=\"*1\"  data-res=\"auto\" data-cols=\"4\" data-colsmobile=\"1\" data-colstablet=\"2\" data-num=\"4\" data-nummobile=\"\" data-item-padding=\"5\"\t data-shortcode-atts=\"{}\"  data-postid=\"1272\" data-locatornonce=\"53f5487e18\" data-imageaspectratio=\"1:1\" data-sbi-flags=\"resizeDisable\">\n\t\n\t<div id=\"sbi_images\"  style=\"gap: 10px;\">\n\t\t\t<\/div>\n\n\t<div id=\"sbi_load\" >\n\n\t\n\t\n<\/div>\n\t\t<span class=\"sbi_resized_image_data\" data-feed-id=\"*1\"\n\t\t  data-resized=\"[]\">\n\t<\/span>\n\t<\/div>\n\n<script type=\"text\/javascript\">var sb_instagram_js_options = {\"font_method\":\"svg\",\"placeholder\":\"https:\\\/\\\/madcowphuquoc.com\\\/wp-content\\\/plugins\\\/instagram-feed\\\/img\\\/placeholder.png\",\"resized_url\":\"https:\\\/\\\/madcowphuquoc.com\\\/wp-content\\\/uploads\\\/sb-instagram-feed-images\\\/\",\"ajax_url\":\"https:\\\/\\\/madcowphuquoc.com\\\/wp-admin\\\/admin-ajax.php\"};<\/script><script type='text\/javascript' src='https:\/\/madcowphuquoc.com\/wp-content\/plugins\/instagram-feed\/js\/sbi-scripts.min.js?ver=6.10.1'><\/script>    <\/div>\n<\/section>\n\n<section class=\"contact\">\n    <div class=\"contact_cont\">\n        <div class=\"contact_box\">\n            <div class=\"c_ttl\">\n                <h2 class=\"tll_txt wow fadeInUp\">TR\u1ea2I NGHI\u1ec6M T\u00c1O B\u1ea0O<br>V\u1edaI CH\u00daNG T\u00d4I<\/h2>\n            <\/div>\n            <div class=\"form_contact wow fadeInUp\">\n                \n<div class=\"wpcf7 no-js\" id=\"wpcf7-f1722-o1\" lang=\"en-US\" dir=\"ltr\" data-wpcf7-id=\"1722\">\n<div class=\"screen-reader-response\"><p role=\"status\" aria-live=\"polite\" aria-atomic=\"true\"><\/p> <ul><\/ul><\/div>\n<form action=\"\/vi\/wp-json\/wp\/v2\/pages\/1272#wpcf7-f1722-o1\" method=\"post\" class=\"wpcf7-form init\" aria-label=\"Contact form\" novalidate=\"novalidate\" data-status=\"init\">\n<fieldset class=\"hidden-fields-container\"><input type=\"hidden\" name=\"_wpcf7\" value=\"1722\" \/><input type=\"hidden\" name=\"_wpcf7_version\" value=\"6.1.5\" \/><input type=\"hidden\" name=\"_wpcf7_locale\" value=\"en_US\" \/><input type=\"hidden\" name=\"_wpcf7_unit_tag\" value=\"wpcf7-f1722-o1\" \/><input type=\"hidden\" name=\"_wpcf7_container_post\" value=\"0\" \/><input type=\"hidden\" name=\"_wpcf7_posted_data_hash\" value=\"\" \/><input type=\"hidden\" name=\"_wpcf7_recaptcha_response\" value=\"\" \/>\n<\/fieldset>\n<div class=\"form_contact wow fadeInUp\">\n                <div class=\"form_contact_row\">\n                    <span class=\"wpcf7-form-control-wrap\" data-name=\"your-name\"><input size=\"40\" maxlength=\"400\" class=\"wpcf7-form-control wpcf7-text wpcf7-validates-as-required\" aria-required=\"true\" aria-invalid=\"false\" placeholder=\"H\u1ecd T\u00ean\" value=\"\" type=\"text\" name=\"your-name\" \/><\/span>\n                    <span class=\"wpcf7-form-control-wrap\" data-name=\"your-phone\"><input size=\"40\" maxlength=\"400\" class=\"wpcf7-form-control wpcf7-text wpcf7-validates-as-required\" aria-required=\"true\" aria-invalid=\"false\" placeholder=\"S\u1ed1 \u0111i\u1ec7n tho\u1ea1i\" value=\"\" type=\"text\" name=\"your-phone\" \/><\/span>\n                <\/div>\n                <div class=\"form_contact_row\">\n                    <span class=\"wpcf7-form-control-wrap\" data-name=\"your-email\"><input size=\"40\" maxlength=\"400\" class=\"wpcf7-form-control wpcf7-email wpcf7-validates-as-required wpcf7-text wpcf7-validates-as-email\" aria-required=\"true\" aria-invalid=\"false\" placeholder=\"Th\u01b0 \u0111i\u1ec7n t\u1eed\" value=\"\" type=\"email\" name=\"your-email\" \/><\/span>\n                    <span class=\"wpcf7-form-control-wrap\" data-name=\"your-subject\"><input size=\"40\" maxlength=\"400\" class=\"wpcf7-form-control wpcf7-text wpcf7-validates-as-required\" aria-required=\"true\" aria-invalid=\"false\" placeholder=\"Ti\u00eau \u0111\u1ec1\" value=\"\" type=\"text\" name=\"your-subject\" \/><\/span>\n                <\/div>\n                <div class=\"form_contact_row\">\n                    <textarea name=\"your-message\" placeholder=\"N\u1ed9i dung\"><\/textarea>\n                <\/div>\n                <p class=\"wow fadeInUp\">Khi g\u1eedi th\u00f4ng tin n\u00e0y, b\u1ea1n \u0111\u1ed3ng \u00fd nh\u1eadn th\u00f4ng tin \u01b0u \u0111\u00e3i m\u1edbi nh\u1ea5t t\u1eeb Maddie<\/p>\n                <div class=\"form_submit wow fadeInUp\">\n                    <div class=\"captcha\">\n                        <p>This site is protected by reCAPTCHA and the <br>Google <a target=\"_blank\" href=\"https:\/\/policies.google.com\/privacy?hl=en\">Privacy Policy<\/a> and <a target=\"_blank\" href=\"https:\/\/policies.google.com\/terms?hl=en\">Terms of Service<\/a> apply.<\/p>\n                    <\/div>\n                    <button type=\"submit\" class=\"btn_submit\"><span>G\u1eecI<\/span><\/button>\n                <\/div>\n<\/div><div class=\"wpcf7-response-output\" aria-hidden=\"true\"><\/div>\n<\/form>\n<\/div>\n\n            <\/div>\n        <\/div>\n        <div class=\"map\">\n            <a target=\"_blank\" href=\"https:\/\/www.google.com\/maps\/place\/Mad+Cow+Wine+%26+Grill\/@10.1193891,103.982336,16.75z\/data=!4m8!1m2!2m1!1smadcow+pullman+phu+quoc!3m4!1s0x31a79330d9e6488d:0xee1268ba2728b1f5!8m2!3d10.1200547!4d103.9835684\">\n                <div class=\"icon_map\" style=\"background-image:url('https:\/\/madcowphuquoc.com\/wp-content\/uploads\/2020\/04\/icon_map.png');top:32.74021%;left:42.70833%;\"><\/div>\n                <img decoding=\"async\" src=\"https:\/\/madcowphuquoc.com\/wp-content\/uploads\/2020\/04\/map.png\" alt=\"Mad Cow Wine &amp; Grill Phu Quoc\">\n            <\/a>\n        <\/div>\n    <\/div>\n<\/section>\n\n\n<p><\/p>\n","protected":false},"excerpt":{"rendered":"","protected":false},"author":1,"featured_media":0,"parent":0,"menu_order":32,"comment_status":"closed","ping_status":"closed","template":"pages-templates\/block-template.php","meta":{"_acf_changed":false,"inline_featured_image":false,"footnotes":""},"class_list":["post-1272","page","type-page","status-publish","hentry"],"acf":[],"yoast_head":"<!-- This site is optimized with the Yoast SEO plugin v27.4 - https:\/\/yoast.com\/product\/yoast-seo-wordpress\/ -->\n<title>Homepage - Mad Cow Wine &amp; Grill Phu Quoc<\/title>\n<meta name=\"description\" content=\"The finest steakhouse in on Phu Quoc Island, Mad Cow Wine &amp; Grill serves succulent meats and madly priced wines in a casual, comfortable rooftop setting.\" \/>\n<meta name=\"robots\" content=\"index, follow, max-snippet:-1, max-image-preview:large, max-video-preview:-1\" \/>\n<link rel=\"canonical\" href=\"https:\/\/madcowphuquoc.com\/vi\/\" \/>\n<meta property=\"og:locale\" content=\"vi_VN\" \/>\n<meta property=\"og:type\" content=\"article\" \/>\n<meta property=\"og:title\" content=\"Homepage - Mad Cow Wine &amp; Grill Phu Quoc\" \/>\n<meta property=\"og:description\" content=\"The finest steakhouse in on Phu Quoc Island, Mad Cow Wine &amp; Grill serves succulent meats and madly priced wines in a casual, comfortable rooftop setting.\" \/>\n<meta property=\"og:url\" content=\"https:\/\/madcowphuquoc.com\/vi\/\" \/>\n<meta property=\"og:site_name\" content=\"Mad Cow Wine &amp; Grill Phu Quoc\" \/>\n<meta property=\"article:modified_time\" content=\"2026-03-27T09:20:46+00:00\" \/>\n<meta name=\"twitter:card\" content=\"summary_large_image\" \/>\n<script type=\"application\/ld+json\" class=\"yoast-schema-graph\">{\"@context\":\"https:\\\/\\\/schema.org\",\"@graph\":[{\"@type\":\"WebPage\",\"@id\":\"https:\\\/\\\/madcowphuquoc.com\\\/vi\\\/\",\"url\":\"https:\\\/\\\/madcowphuquoc.com\\\/vi\\\/\",\"name\":\"Homepage - Mad Cow Wine &amp; Grill Phu Quoc\",\"isPartOf\":{\"@id\":\"https:\\\/\\\/madcowphuquoc.com\\\/vi\\\/#website\"},\"datePublished\":\"2019-04-02T10:10:02+00:00\",\"dateModified\":\"2026-03-27T09:20:46+00:00\",\"description\":\"The finest steakhouse in on Phu Quoc Island, Mad Cow Wine & Grill serves succulent meats and madly priced wines in a casual, comfortable rooftop setting.\",\"breadcrumb\":{\"@id\":\"https:\\\/\\\/madcowphuquoc.com\\\/vi\\\/#breadcrumb\"},\"inLanguage\":\"vi-VN\",\"potentialAction\":[{\"@type\":\"ReadAction\",\"target\":[\"https:\\\/\\\/madcowphuquoc.com\\\/vi\\\/\"]}]},{\"@type\":\"BreadcrumbList\",\"@id\":\"https:\\\/\\\/madcowphuquoc.com\\\/vi\\\/#breadcrumb\",\"itemListElement\":[{\"@type\":\"ListItem\",\"position\":1,\"name\":\"Home\",\"item\":\"https:\\\/\\\/madcowphuquoc.com\\\/vi\\\/\"},{\"@type\":\"ListItem\",\"position\":2,\"name\":\"Homepage\"}]},{\"@type\":\"WebSite\",\"@id\":\"https:\\\/\\\/madcowphuquoc.com\\\/vi\\\/#website\",\"url\":\"https:\\\/\\\/madcowphuquoc.com\\\/vi\\\/\",\"name\":\"Mad Cow Wine &amp; Grill Phu Quoc\",\"description\":\"\",\"potentialAction\":[{\"@type\":\"SearchAction\",\"target\":{\"@type\":\"EntryPoint\",\"urlTemplate\":\"https:\\\/\\\/madcowphuquoc.com\\\/vi\\\/?s={search_term_string}\"},\"query-input\":{\"@type\":\"PropertyValueSpecification\",\"valueRequired\":true,\"valueName\":\"search_term_string\"}}],\"inLanguage\":\"vi-VN\"}]}<\/script>\n<!-- \/ Yoast SEO plugin. -->","yoast_head_json":{"title":"Homepage - Mad Cow Wine &amp; Grill Phu Quoc","description":"The finest steakhouse in on Phu Quoc Island, Mad Cow Wine & Grill serves succulent meats and madly priced wines in a casual, comfortable rooftop setting.","robots":{"index":"index","follow":"follow","max-snippet":"max-snippet:-1","max-image-preview":"max-image-preview:large","max-video-preview":"max-video-preview:-1"},"canonical":"https:\/\/madcowphuquoc.com\/vi\/","og_locale":"vi_VN","og_type":"article","og_title":"Homepage - Mad Cow Wine &amp; Grill Phu Quoc","og_description":"The finest steakhouse in on Phu Quoc Island, Mad Cow Wine & Grill serves succulent meats and madly priced wines in a casual, comfortable rooftop setting.","og_url":"https:\/\/madcowphuquoc.com\/vi\/","og_site_name":"Mad Cow Wine &amp; Grill Phu Quoc","article_modified_time":"2026-03-27T09:20:46+00:00","twitter_card":"summary_large_image","schema":{"@context":"https:\/\/schema.org","@graph":[{"@type":"WebPage","@id":"https:\/\/madcowphuquoc.com\/vi\/","url":"https:\/\/madcowphuquoc.com\/vi\/","name":"Homepage - Mad Cow Wine &amp; Grill Phu Quoc","isPartOf":{"@id":"https:\/\/madcowphuquoc.com\/vi\/#website"},"datePublished":"2019-04-02T10:10:02+00:00","dateModified":"2026-03-27T09:20:46+00:00","description":"The finest steakhouse in on Phu Quoc Island, Mad Cow Wine & Grill serves succulent meats and madly priced wines in a casual, comfortable rooftop setting.","breadcrumb":{"@id":"https:\/\/madcowphuquoc.com\/vi\/#breadcrumb"},"inLanguage":"vi-VN","potentialAction":[{"@type":"ReadAction","target":["https:\/\/madcowphuquoc.com\/vi\/"]}]},{"@type":"BreadcrumbList","@id":"https:\/\/madcowphuquoc.com\/vi\/#breadcrumb","itemListElement":[{"@type":"ListItem","position":1,"name":"Home","item":"https:\/\/madcowphuquoc.com\/vi\/"},{"@type":"ListItem","position":2,"name":"Homepage"}]},{"@type":"WebSite","@id":"https:\/\/madcowphuquoc.com\/vi\/#website","url":"https:\/\/madcowphuquoc.com\/vi\/","name":"Mad Cow Wine &amp; Grill Phu Quoc","description":"","potentialAction":[{"@type":"SearchAction","target":{"@type":"EntryPoint","urlTemplate":"https:\/\/madcowphuquoc.com\/vi\/?s={search_term_string}"},"query-input":{"@type":"PropertyValueSpecification","valueRequired":true,"valueName":"search_term_string"}}],"inLanguage":"vi-VN"}]}},"jetpack_sharing_enabled":true,"_links":{"self":[{"href":"https:\/\/madcowphuquoc.com\/vi\/wp-json\/wp\/v2\/pages\/1272","targetHints":{"allow":["GET"]}}],"collection":[{"href":"https:\/\/madcowphuquoc.com\/vi\/wp-json\/wp\/v2\/pages"}],"about":[{"href":"https:\/\/madcowphuquoc.com\/vi\/wp-json\/wp\/v2\/types\/page"}],"author":[{"embeddable":true,"href":"https:\/\/madcowphuquoc.com\/vi\/wp-json\/wp\/v2\/users\/1"}],"replies":[{"embeddable":true,"href":"https:\/\/madcowphuquoc.com\/vi\/wp-json\/wp\/v2\/comments?post=1272"}],"version-history":[{"count":36,"href":"https:\/\/madcowphuquoc.com\/vi\/wp-json\/wp\/v2\/pages\/1272\/revisions"}],"predecessor-version":[{"id":2501,"href":"https:\/\/madcowphuquoc.com\/vi\/wp-json\/wp\/v2\/pages\/1272\/revisions\/2501"}],"wp:attachment":[{"href":"https:\/\/madcowphuquoc.com\/vi\/wp-json\/wp\/v2\/media?parent=1272"}],"curies":[{"name":"wp","href":"https:\/\/api.w.org\/{rel}","templated":true}]}}