{"id":2526,"date":"2026-04-13T16:33:23","date_gmt":"2026-04-13T09:33:23","guid":{"rendered":"https:\/\/madcowphuquoc.com\/?page_id=2526"},"modified":"2026-04-13T16:33:24","modified_gmt":"2026-04-13T09:33:24","slug":"awards","status":"publish","type":"page","link":"https:\/\/madcowphuquoc.com\/vi\/awards\/","title":{"rendered":"Awards"},"content":{"rendered":"<section class=\"accolades\">\n  <div class=\"container\">\n\n    <div class=\"accolades-grid\">\n        \n        <div class=\"accolade-item\">\n\n                    <div class=\"accolade-img\">\n            <img decoding=\"async\" src=\"https:\/\/madcowphuquoc.com\/wp-content\/uploads\/2026\/04\/GVA_HR_Digital-Badge_PPQ-Mad-Cow.png\" alt=\"\">\n          <\/div>\n          \n          <div class=\"accolade-content\">\n\n                          <span class=\"year\">2025<\/span>\n            \n                          <h3>NH\u00c0 H\u00c0NG B\u00cdT T\u1ebeT XU\u1ea4T S\u1eaeC NH\u1ea4T<\/h3>\n            \n                          <div class=\"award-desc\">\n                <p>Gourmet Vietnam Awards, do Epicure Vietnam t\u1ed5 ch\u1ee9c, nh\u1eb1m t\u00f4n vinh nh\u1eefng th\u00e0nh t\u1ef1u xu\u1ea5t s\u1eafc trong l\u0129nh v\u1ef1c \u1ea9m th\u1ef1c v\u00e0 d\u1ecbch v\u1ee5 kh\u00e1ch s\u1ea1n t\u1ea1i Vi\u1ec7t Nam, ghi nh\u1eadn c\u00e1c nh\u00e0 h\u00e0ng, kh\u00e1ch s\u1ea1n, \u0111\u1ea7u b\u1ebfp v\u00e0 chuy\u00ean gia d\u1ecbch v\u1ee5 \u0111\u00e3 g\u00f3p ph\u1ea7n n\u00e2ng t\u1ea7m ti\u00eau chu\u1ea9n tr\u1ea3i nghi\u1ec7m \u1ea9m th\u1ef1c v\u00e0 hospitality c\u1ee7a qu\u1ed1c gia.<\/p>\n              <\/div>\n            \n          <\/div>\n\n        <\/div>\n\n        \n        <div class=\"accolade-item\">\n\n                    <div class=\"accolade-img\">\n            <img decoding=\"async\" src=\"https:\/\/madcowphuquoc.com\/wp-content\/uploads\/2026\/04\/2025-WLRA-Winner-Logo-scaled-1.png\" alt=\"World Luxury Hotel Awars\">\n          <\/div>\n          \n          <div class=\"accolade-content\">\n\n                          <span class=\"year\">2025<\/span>\n            \n                          <h3>NH\u00c0 H\u00c0NG B\u00cdT T\u1ebeT SANG TR\u1eccNG H\u00c0NG \u0110\u1ea6U TH\u1ebe GI\u1edaI<\/h3>\n            \n                          <div class=\"award-desc\">\n                <p>\u0110\u01b0\u1ee3c th\u00e0nh l\u1eadp v\u00e0o n\u0103m 2006, World Luxury Hotel Awards n\u00eau t\u00ean nh\u1eefng th\u00e0nh t\u1ef1u \u0111\u1ec9nh cao trong ng\u00e0nh kh\u00e1ch s\u1ea1n sang tr\u1ecdng th\u00f4ng qua s\u1ef1 c\u00f4ng nh\u1eadn qu\u1ed1c t\u1ebf do c\u1ea3 du kh\u00e1ch v\u00e0 nh\u1eefng chuy\u00ean gia trong ng\u00e0nh b\u1ea7u ch\u1ecdn.<\/p>\n              <\/div>\n            \n          <\/div>\n\n        <\/div>\n\n        \n        <div class=\"accolade-item\">\n\n                    <div class=\"accolade-img\">\n            <img decoding=\"async\" src=\"https:\/\/madcowphuquoc.com\/wp-content\/uploads\/2026\/04\/2025-WLRA-Winner-Logo-scaled-1.png\" alt=\"World Luxury Hotel Awars\">\n          <\/div>\n          \n          <div class=\"accolade-content\">\n\n                          <span class=\"year\">2025<\/span>\n            \n                          <h3>NH\u00c0 H\u00c0NG T\u1ea6NG TH\u01af\u1ee2NG SANG TR\u1eccNG NH\u1ea4T VI\u1ec6T NAM<\/h3>\n            \n                          <div class=\"award-desc\">\n                <p>M\u1ed9t h\u1ea1ng m\u1ee5c thu\u1ed9c h\u1ec7 th\u1ed1ng gi\u1ea3i th\u01b0\u1edfng World Luxury Hotel Awards, t\u00f4n vinh nh\u00e0 h\u00e0ng t\u1ea7ng th\u01b0\u1ee3ng t\u1ea1i Vi\u1ec7t Nam v\u1edbi d\u1ecbch v\u1ee5 \u0111\u1eb3ng c\u1ea5p v\u00e0 tr\u1ea3i nghi\u1ec7m kh\u00e1ch h\u00e0ng xu\u1ea5t s\u1eafc.<\/p>\n              <\/div>\n            \n          <\/div>\n\n        <\/div>\n\n        \n        <div class=\"accolade-item\">\n\n                    <div class=\"accolade-img\">\n            <img decoding=\"async\" src=\"https:\/\/madcowphuquoc.com\/wp-content\/uploads\/2026\/04\/2025-WLRA-Winner-Logo-scaled-1.png\" alt=\"World Luxury Hotel Awars\">\n          <\/div>\n          \n          <div class=\"accolade-content\">\n\n                          <span class=\"year\">2025<\/span>\n            \n                          <h3>NH\u00c0 H\u00c0NG C\u00d3 T\u1ea6M NH\u00ccN TO\u00c0N C\u1ea2NH \u1ea4N T\u01af\u1ee2NG NH\u1ea4T VI\u1ec6T NAM<\/h3>\n            \n                          <div class=\"award-desc\">\n                <p>Mad Cow Wine &#038; Grill ti\u1ebfp t\u1ee5c ghi d\u1ea5u \u1ea5n khi \u0111\u01b0\u1ee3c vinh danh t\u1ea1i World Luxury Hotel Awards. Gi\u1ea3i th\u01b0\u1edfng l\u00e0 minh ch\u1ee9ng cho ch\u1ea5t l\u01b0\u1ee3ng d\u1ecbch v\u1ee5 v\u01b0\u1ee3t tr\u1ed9i, \u0111\u1ed3ng th\u1eddi kh\u1eb3ng \u0111\u1ecbnh v\u1ecb th\u1ebf h\u00e0ng \u0111\u1ea7u c\u1ee7a th\u01b0\u01a1ng hi\u1ec7u tr\u00ean th\u1ecb tr\u01b0\u1eddng trong n\u01b0\u1edbc v\u00e0 qu\u1ed1c t\u1ebf.<\/p>\n              <\/div>\n            \n          <\/div>\n\n        <\/div>\n\n            <\/div>\n  <\/div>\n<\/section>\n","protected":false},"excerpt":{"rendered":"","protected":false},"author":19,"featured_media":0,"parent":0,"menu_order":3,"comment_status":"closed","ping_status":"closed","template":"","meta":{"_acf_changed":false,"inline_featured_image":false,"footnotes":""},"class_list":["post-2526","page","type-page","status-publish","hentry"],"acf":[],"yoast_head":"<!-- This site is optimized with the Yoast SEO plugin v25.4 - https:\/\/yoast.com\/wordpress\/plugins\/seo\/ -->\n<title>Awards - Mad Cow Wine &amp; Grill Phu Quoc<\/title>\n<meta name=\"robots\" content=\"index, follow, max-snippet:-1, max-image-preview:large, max-video-preview:-1\" \/>\n<link rel=\"canonical\" href=\"https:\/\/madcowphuquoc.com\/vi\/awards\/\" \/>\n<meta property=\"og:locale\" content=\"vi_VN\" \/>\n<meta property=\"og:type\" content=\"article\" \/>\n<meta property=\"og:title\" content=\"Awards - Mad Cow Wine &amp; Grill Phu Quoc\" \/>\n<meta property=\"og:url\" content=\"https:\/\/madcowphuquoc.com\/vi\/awards\/\" \/>\n<meta property=\"og:site_name\" content=\"Mad Cow Wine &amp; Grill Phu Quoc\" \/>\n<meta property=\"article:modified_time\" content=\"2026-04-13T09:33:24+00:00\" \/>\n<meta name=\"twitter:card\" content=\"summary_large_image\" \/>\n<script type=\"application\/ld+json\" class=\"yoast-schema-graph\">{\"@context\":\"https:\/\/schema.org\",\"@graph\":[{\"@type\":\"WebPage\",\"@id\":\"https:\/\/madcowphuquoc.com\/vi\/awards\/\",\"url\":\"https:\/\/madcowphuquoc.com\/vi\/awards\/\",\"name\":\"Awards - Mad Cow Wine &amp; Grill Phu Quoc\",\"isPartOf\":{\"@id\":\"https:\/\/madcowphuquoc.com\/vi\/#website\"},\"datePublished\":\"2026-04-13T09:33:23+00:00\",\"dateModified\":\"2026-04-13T09:33:24+00:00\",\"breadcrumb\":{\"@id\":\"https:\/\/madcowphuquoc.com\/vi\/awards\/#breadcrumb\"},\"inLanguage\":\"vi-VN\",\"potentialAction\":[{\"@type\":\"ReadAction\",\"target\":[\"https:\/\/madcowphuquoc.com\/vi\/awards\/\"]}]},{\"@type\":\"BreadcrumbList\",\"@id\":\"https:\/\/madcowphuquoc.com\/vi\/awards\/#breadcrumb\",\"itemListElement\":[{\"@type\":\"ListItem\",\"position\":1,\"name\":\"Home\",\"item\":\"https:\/\/madcowphuquoc.com\/vi\/\"},{\"@type\":\"ListItem\",\"position\":2,\"name\":\"Awards\"}]},{\"@type\":\"WebSite\",\"@id\":\"https:\/\/madcowphuquoc.com\/vi\/#website\",\"url\":\"https:\/\/madcowphuquoc.com\/vi\/\",\"name\":\"Mad Cow Wine &amp; Grill Phu Quoc\",\"description\":\"\",\"potentialAction\":[{\"@type\":\"SearchAction\",\"target\":{\"@type\":\"EntryPoint\",\"urlTemplate\":\"https:\/\/madcowphuquoc.com\/vi\/?s={search_term_string}\"},\"query-input\":{\"@type\":\"PropertyValueSpecification\",\"valueRequired\":true,\"valueName\":\"search_term_string\"}}],\"inLanguage\":\"vi-VN\"}]}<\/script>\n<!-- \/ Yoast SEO plugin. -->","yoast_head_json":{"title":"Awards - Mad Cow Wine &amp; Grill Phu Quoc","robots":{"index":"index","follow":"follow","max-snippet":"max-snippet:-1","max-image-preview":"max-image-preview:large","max-video-preview":"max-video-preview:-1"},"canonical":"https:\/\/madcowphuquoc.com\/vi\/awards\/","og_locale":"vi_VN","og_type":"article","og_title":"Awards - Mad Cow Wine &amp; Grill Phu Quoc","og_url":"https:\/\/madcowphuquoc.com\/vi\/awards\/","og_site_name":"Mad Cow Wine &amp; Grill Phu Quoc","article_modified_time":"2026-04-13T09:33:24+00:00","twitter_card":"summary_large_image","schema":{"@context":"https:\/\/schema.org","@graph":[{"@type":"WebPage","@id":"https:\/\/madcowphuquoc.com\/vi\/awards\/","url":"https:\/\/madcowphuquoc.com\/vi\/awards\/","name":"Awards - Mad Cow Wine &amp; Grill Phu Quoc","isPartOf":{"@id":"https:\/\/madcowphuquoc.com\/vi\/#website"},"datePublished":"2026-04-13T09:33:23+00:00","dateModified":"2026-04-13T09:33:24+00:00","breadcrumb":{"@id":"https:\/\/madcowphuquoc.com\/vi\/awards\/#breadcrumb"},"inLanguage":"vi-VN","potentialAction":[{"@type":"ReadAction","target":["https:\/\/madcowphuquoc.com\/vi\/awards\/"]}]},{"@type":"BreadcrumbList","@id":"https:\/\/madcowphuquoc.com\/vi\/awards\/#breadcrumb","itemListElement":[{"@type":"ListItem","position":1,"name":"Home","item":"https:\/\/madcowphuquoc.com\/vi\/"},{"@type":"ListItem","position":2,"name":"Awards"}]},{"@type":"WebSite","@id":"https:\/\/madcowphuquoc.com\/vi\/#website","url":"https:\/\/madcowphuquoc.com\/vi\/","name":"Mad Cow Wine &amp; Grill Phu Quoc","description":"","potentialAction":[{"@type":"SearchAction","target":{"@type":"EntryPoint","urlTemplate":"https:\/\/madcowphuquoc.com\/vi\/?s={search_term_string}"},"query-input":{"@type":"PropertyValueSpecification","valueRequired":true,"valueName":"search_term_string"}}],"inLanguage":"vi-VN"}]}},"jetpack_sharing_enabled":true,"_links":{"self":[{"href":"https:\/\/madcowphuquoc.com\/vi\/wp-json\/wp\/v2\/pages\/2526","targetHints":{"allow":["GET"]}}],"collection":[{"href":"https:\/\/madcowphuquoc.com\/vi\/wp-json\/wp\/v2\/pages"}],"about":[{"href":"https:\/\/madcowphuquoc.com\/vi\/wp-json\/wp\/v2\/types\/page"}],"author":[{"embeddable":true,"href":"https:\/\/madcowphuquoc.com\/vi\/wp-json\/wp\/v2\/users\/19"}],"replies":[{"embeddable":true,"href":"https:\/\/madcowphuquoc.com\/vi\/wp-json\/wp\/v2\/comments?post=2526"}],"version-history":[{"count":1,"href":"https:\/\/madcowphuquoc.com\/vi\/wp-json\/wp\/v2\/pages\/2526\/revisions"}],"predecessor-version":[{"id":2527,"href":"https:\/\/madcowphuquoc.com\/vi\/wp-json\/wp\/v2\/pages\/2526\/revisions\/2527"}],"wp:attachment":[{"href":"https:\/\/madcowphuquoc.com\/vi\/wp-json\/wp\/v2\/media?parent=2526"}],"curies":[{"name":"wp","href":"https:\/\/api.w.org\/{rel}","templated":true}]}}